{"id":5275,"date":"2019-03-10T07:10:03","date_gmt":"2019-03-10T07:10:03","guid":{"rendered":"https:\/\/ovatheme.com\/em4u\/?page_id=5275"},"modified":"2022-03-09T13:50:50","modified_gmt":"2022-03-09T13:50:50","slug":"home-default","status":"publish","type":"page","link":"https:\/\/www.prixma.es\/acceso\/","title":{"rendered":"Inicio"},"content":{"rendered":"<p>[vc_row full_height=\u00bbyes\u00bb parallax=\u00bbcontent-moving\u00bb parallax_image=\u00bb5546&#8243; display_container=\u00bbtrue\u00bb css=\u00bb.vc_custom_1617449117552{margin-top: -140px !important;padding-top: 60px !important;background-color: #343434 !important;}\u00bb ova_bg_pattern=\u00bbrgba(2,2,2,0.5)\u00bb][vc_column][vc_custom_heading text=\u00bbESPACIO CREATIVO\u00bb font_container=\u00bbtag:h1|font_size:58px|text_align:center|color:%23ffffff\u00bb use_theme_fonts=\u00bbyes\u00bb css_animation=\u00bbnone\u00bb][vc_custom_heading text=\u00bbentorno de creaci\u00f3n y contemporaneidad para: reuniones, showrooms, desfiles, workshops, formaci\u00f3n, presentaciones, eventos, rodajes y todo lo que se te ocurra.\u00bb font_container=\u00bbtag:p|font_size:18px|text_align:center|color:%23d1d1d1&#8243; use_theme_fonts=\u00bbyes\u00bb css_animation=\u00bbfadeIn\u00bb el_class=\u00bbslogan\u00bb][\/vc_column][\/vc_row][vc_row full_width=\u00bbstretch_row_content_no_spaces\u00bb equal_height=\u00bbyes\u00bb parallax=\u00bbcontent-moving\u00bb ova_bg_pattern=\u00bb#f2f2f2&#8243; css=\u00bb.vc_custom_1617617202549{background-color: rgba(237,237,237,0.47) !important;*background-color: rgb(237,237,237) !important;}\u00bb][vc_column width=\u00bb1\/4&#8243; css=\u00bb.vc_custom_1617616570060{background-position: center !important;background-repeat: no-repeat !important;background-size: contain !important;}\u00bb]<div class=\"ova_service ova-trans style1 \"><div class=\"icon\"><i class=\"flaticon-notebook\"><\/i><\/div><h3 class=\"title\">Oficina<\/h3><div class=\"desc\">Espacio de trabajo con varios puestos de oficina con todos los servicios necesarios. Control de accesos, seguridad, internet, etc.<\/div><div class=\"read_more\"><a target=\"_blank\" href=\"https:\/\/www.prixma.es\/acceso\/reservar-espacio\/\"><i class=\"arrow_right\"><\/i><\/a><\/div><\/div>[\/vc_column][vc_column width=\u00bb1\/4&#8243;]<div class=\"ova_service ova-trans style1 \"><div class=\"icon\"><i class=\"flaticon-film\"><\/i><\/div><h3 class=\"title\">Plat\u00f3<\/h3><div class=\"desc\">Plat\u00f3 - estudio para video y fotograf\u00eda con fondos posibilidad de equipos de iluminaci\u00f3n y de c\u00e1mara.<\/div><div class=\"read_more\"><a target=\"_self\" href=\"https:\/\/www.prixma.es\/acceso\/reservar-espacio\/\"><i class=\"arrow_right\"><\/i><\/a><\/div><\/div>[\/vc_column][vc_column width=\u00bb1\/4&#8243;]<div class=\"ova_service ova-trans style1 \"><div class=\"icon\"><i class=\"flaticon-key\"><\/i><\/div><h3 class=\"title\">Formaci\u00f3n<\/h3><div class=\"desc\">Espacio polivalente para formaciones, ponencias, talleres, charlas, etc con pantalla, proyector, sillas, mesas y todo lo necesario.<\/div><div class=\"read_more\"><a target=\"_self\" href=\"https:\/\/www.prixma.es\/acceso\/reservar-espacio\/\"><i class=\"arrow_right\"><\/i><\/a><\/div><\/div>[\/vc_column][vc_column width=\u00bb1\/4&#8243;]<div class=\"ova_service ova-trans style1 \"><div class=\"icon\"><i class=\"flaticon-picture\"><\/i><\/div><h3 class=\"title\">Exposici\u00f3n<\/h3><div class=\"desc\">Espacio abierto para la visibilizaci\u00f3n de la creaci\u00f3n art\u00edstica. Espacio adecuado con iluminaci\u00f3n adaptada a la obra.<\/div><div class=\"read_more\"><a target=\"_self\" href=\"https:\/\/www.prixma.es\/acceso\/reservar-espacio\/\"><i class=\"arrow_right\"><\/i><\/a><\/div><\/div>[\/vc_column][\/vc_row][vc_row display_container=\u00bbtrue\u00bb css=\u00bb.vc_custom_1554353291638{margin-top: 20px !important;}\u00bb][vc_column css=\u00bb.vc_custom_1554354237470{padding-top: 40px !important;padding-bottom: 25px !important;}\u00bb]<div class=\"ova_heading_v4 text-center\"><h3 class=\"title\">EVENTOS Y ACTIVIDADES<\/h3><div class=\"sub_title\"><\/div><\/div>[\/vc_column][vc_column css=\u00bb.vc_custom_1554353717414{margin-top: -120px !important;}\u00bb el_class=\u00bbpadding_col_mobile\u00bb]<div class=\"ovaem_events_filter \" data-order=\"DESC\"><div class=\"row\"><div class=\"events_filter_hide_nav\"><div class=\"select_cat_mobile_btn\"><div class=\"btn_filter ova-btn ova-btn-second-color\">Seleccione La Categor\u00eda<i class=\"arrow_carrot-down\"><\/i><\/div><ul class=\"clearfix ovaem_events_filter_nav style2\" data-tab_active =\"\">\n\t\t\t                    <li class=\"all current\"><a href=\"#\" class=\"ova-btn ova-btn-rad-30\" data-filter=\"*\">Todos<\/a><\/li><\/ul><\/div><\/div><div class=\"ovaem_events_filter_content\"><div class=\"col-md-4 col-sm-6 col-xs-6 ova-item isotope-item style2  estudio formacion marketing\"><a href=\"https:\/\/www.prixma.es\/acceso\/event\/criptoarte\/\"><div class=\"ova_thumbnail\">\n\n\t\t\t    \t\t\t\t\t\t\t<img decoding=\"async\" alt=\"Conferencia sobre cripto arte y los NFT\" src=\"https:\/\/www.prixma.es\/acceso\/wp-content\/uploads\/2017\/10\/NFT_criptoart-370x222.jpg\" srcset=\" https:\/\/www.prixma.es\/acceso\/wp-content\/uploads\/2017\/10\/NFT_criptoart-370x222.jpg 370w, https:\/\/www.prixma.es\/acceso\/wp-content\/uploads\/2017\/10\/NFT_criptoart-640x384.jpg 640w\" sizes=\"(max-width: 640px) 100vw, 370px\" \/><div class=\"time\"><span class=\"month\">Jul<\/span><span class=\"date\">9-2021<\/span><\/div><\/div><\/a><div class=\"wrap_content\"><h2 class=\"title\"><a href=\"https:\/\/www.prixma.es\/acceso\/event\/criptoarte\/\">Conferencia sobre cripto arte ...<\/a><\/h2><div class=\"except\">Los tokens no fungibles (NFT) est\u00e1n ganando popularidad y la...<\/div><div class=\"bottom\"><div class=\"more_detail\"><a class=\"btn_link\" href=\"https:\/\/www.prixma.es\/acceso\/event\/criptoarte\/\"><span>Entrada<\/span><\/a><\/div><span class=\"price\"><span>Gratis<\/span><\/span><\/div><\/div><\/div><div class=\"col-md-4 col-sm-6 col-xs-6 ova-item isotope-item style2  cine formacion\"><a href=\"https:\/\/www.prixma.es\/acceso\/event\/introduccion-a-liguaxe-audiovisual\/\"><div class=\"ova_thumbnail\">\n\n\t\t\t    \t\t\t\t\t\t\t<img decoding=\"async\" alt=\"Introducci\u00f3n a Liguaxe Audiovisual\" src=\"https:\/\/www.prixma.es\/acceso\/wp-content\/uploads\/2021\/10\/etalonaje-370x222.png\" srcset=\" https:\/\/www.prixma.es\/acceso\/wp-content\/uploads\/2021\/10\/etalonaje-370x222.png 370w, https:\/\/www.prixma.es\/acceso\/wp-content\/uploads\/2021\/10\/etalonaje-640x384.png 640w\" sizes=\"(max-width: 640px) 100vw, 370px\" \/><div class=\"time\"><span class=\"month\">Jun<\/span><span class=\"date\">11-2021<\/span><\/div><\/div><\/a><div class=\"wrap_content\"><h2 class=\"title\"><a href=\"https:\/\/www.prixma.es\/acceso\/event\/introduccion-a-liguaxe-audiovisual\/\">Introducci\u00f3n a Liguaxe Audiovi...<\/a><\/h2><div class=\"except\">Introducio\u0301n a linguaxe audiovisual 1. \u00a0A Narrativa 2. \u00a0Secu...<\/div><div class=\"bottom\"><div class=\"more_detail\"><a class=\"btn_link\" href=\"https:\/\/www.prixma.es\/acceso\/event\/introduccion-a-liguaxe-audiovisual\/\"><span>Entrada<\/span><\/a><\/div><span class=\"price\"><span>Gratis<\/span><\/span><\/div><\/div><\/div><div class=\"mobile_row\"><\/div><div class=\"col-md-4 col-sm-6 col-xs-6 ova-item isotope-item style2  formacion\"><a href=\"https:\/\/www.prixma.es\/acceso\/event\/composicion-do-plano-cinematografico\/\"><div class=\"ova_thumbnail\">\n\n\t\t\t    \t\t\t\t\t\t\t<img decoding=\"async\" alt=\"Composici\u00f3n do plano Cinematogr\u00e1fico\" src=\"https:\/\/www.prixma.es\/acceso\/wp-content\/uploads\/2020\/10\/monitor-filming-370x222.jpg\" srcset=\" https:\/\/www.prixma.es\/acceso\/wp-content\/uploads\/2020\/10\/monitor-filming-370x222.jpg 370w, https:\/\/www.prixma.es\/acceso\/wp-content\/uploads\/2020\/10\/monitor-filming.jpg 640w\" sizes=\"(max-width: 640px) 100vw, 370px\" \/><div class=\"time\"><span class=\"month\">May<\/span><span class=\"date\">28-2021<\/span><\/div><\/div><\/a><div class=\"wrap_content\"><h2 class=\"title\"><a href=\"https:\/\/www.prixma.es\/acceso\/event\/composicion-do-plano-cinematografico\/\">Composici\u00f3n do plano Cinematog...<\/a><\/h2><div class=\"except\">DURACIO\u0301N: 6 horas (3 clases de 2 horas) N\u00ba DE ALUMNOS: 15 P...<\/div><div class=\"bottom\"><div class=\"more_detail\"><a class=\"btn_link\" href=\"https:\/\/www.prixma.es\/acceso\/event\/composicion-do-plano-cinematografico\/\"><span>Entrada<\/span><\/a><\/div><span class=\"price\"><span>40Eur<\/span><\/span><\/div><\/div><\/div><div class=\"row\"><\/div><\/div><div class=\"read_more\"><a class=\"ova-btn ova-btn-rad-30 ova-btn-arrow\" href=\"https:\/\/www.prixma.es\/acceso\/event\/\"><i class=\"arrow_carrot-right_alt\"><\/i>Todos los Eventos<\/a><\/div><\/div><\/div>[\/vc_column][\/vc_row][vc_row display_container=\u00bbtrue\u00bb css=\u00bb.vc_custom_1554353656652{margin-right: 0px !important;margin-left: 0px !important;padding-right: 0px !important;padding-left: 0px !important;}\u00bb][vc_column css=\u00bb.vc_custom_1554353920950{padding-top: 50px !important;}\u00bb]<div class=\"ova_heading_v4 text-center\"><h3 class=\"title\">Categor\u00edas<\/h3><div class=\"sub_title\"><\/div><\/div>[\/vc_column][vc_column parallax=\u00bbcontent-moving\u00bb width=\u00bb1\/6&#8243; css=\u00bb.vc_custom_1617203852873{padding-top: 0px !important;padding-right: 0px !important;padding-left: 0px !important;}\u00bb]<a href=\"https:\/\/www.prixma.es\/acceso\/?categories=estudio\" class=\"cat_info \"><i class=\"icon_pin_alt\"><\/i><h2 class=\"name\">Estudio<\/h2><span class=\"count\">1<\/span><\/a>[\/vc_column][vc_column width=\u00bb1\/6&#8243; css=\u00bb.vc_custom_1552202682990{padding-top: 0px !important;padding-right: 0px !important;padding-left: 0px !important;}\u00bb]<a href=\"https:\/\/www.prixma.es\/acceso\/?categories=plato\" class=\"cat_info \"><i class=\"icon_mic_alt\"><\/i><h2 class=\"name\">Plat\u00f3<\/h2><span class=\"count\">0<\/span><\/a>[\/vc_column][vc_column width=\u00bb1\/6&#8243; css=\u00bb.vc_custom_1552202688180{padding-top: 0px !important;padding-right: 0px !important;padding-left: 0px !important;}\u00bb]<a href=\"https:\/\/www.prixma.es\/acceso\/?categories=formacion\" class=\"cat_info \"><i class=\"icon_genius\"><\/i><h2 class=\"name\">Formaci\u00f3n<\/h2><span class=\"count\">9<\/span><\/a>[\/vc_column][vc_column width=\u00bb1\/6&#8243; css=\u00bb.vc_custom_1552202698153{padding-top: 0px !important;padding-right: 0px !important;padding-left: 0px !important;}\u00bb]<a href=\"https:\/\/www.prixma.es\/acceso\/?categories=marketing\" class=\"cat_info \"><i class=\"icon_bag_alt\"><\/i><h2 class=\"name\">Marketing<\/h2><span class=\"count\">2<\/span><\/a>[\/vc_column][vc_column width=\u00bb1\/6&#8243; css=\u00bb.vc_custom_1552202702847{padding-top: 0px !important;padding-right: 0px !important;padding-left: 0px !important;}\u00bb]<a href=\"https:\/\/www.prixma.es\/acceso\/?categories=cine\" class=\"cat_info \"><i class=\"icon_film\"><\/i><h2 class=\"name\">Cine<\/h2><span class=\"count\">3<\/span><\/a>[\/vc_column][vc_column width=\u00bb1\/6&#8243; css=\u00bb.vc_custom_1552202707678{padding-top: 0px !important;padding-right: 0px !important;padding-left: 0px !important;}\u00bb]<a href=\"https:\/\/www.prixma.es\/acceso\/?categories=musica\" class=\"cat_info \"><i class=\"icon_music\"><\/i><h2 class=\"name\">M\u00fasica<\/h2><span class=\"count\">0<\/span><\/a>[\/vc_column][\/vc_row][vc_row full_width=\u00bbstretch_row\u00bb content_placement=\u00bbmiddle\u00bb parallax=\u00bbcontent-moving\u00bb parallax_image=\u00bb725&#8243; display_container=\u00bbtrue\u00bb css=\u00bb.vc_custom_1617449003351{margin-top: 100px !important;padding-top: 70px !important;padding-bottom: 90px !important;}\u00bb ova_bg_pattern=\u00bbrgba(0,0,0,0.56)\u00bb][vc_column][vc_column_text css_animation=\u00bbfadeIn\u00bb]<\/p>\n<h1 style=\"text-align: center;\"><a href=\"https:\/\/www.prixma.es\/acceso\/reservar-espacio\/\"><span style=\"color: #33cccc;\"><strong>RESERVA TU ESPACIO!<\/strong><\/span><\/a><\/h1>\n<p>[\/vc_column_text][\/vc_column][\/vc_row]<\/p>\n","protected":false},"excerpt":{"rendered":"<p>[vc_row full_height=\u00bbyes\u00bb parallax=\u00bbcontent-moving\u00bb parallax_image=\u00bb5546&#8243; display_container=\u00bbtrue\u00bb css=\u00bb.vc_custom_1617449117552{margin-top: -140px !important;padding-top: 60px !important;background-color: #343434 !important;}\u00bb ova_bg_pattern=\u00bbrgba(2,2,2,0.5)\u00bb][vc_column][vc_custom_heading text=\u00bbESPACIO CREATIVO\u00bb font_container=\u00bbtag:h1|font_size:58px|text_align:center|color:%23ffffff\u00bb use_theme_fonts=\u00bbyes\u00bb css_animation=\u00bbnone\u00bb][vc_custom_heading text=\u00bbentorno de creaci\u00f3n y contemporaneidad para: reuniones, showrooms, desfiles, workshops, formaci\u00f3n, presentaciones, eventos, rodajes y todo lo que se te ocurra.\u00bb font_container=\u00bbtag:p|font_size:18px|text_align:center|color:%23d1d1d1&#8243; use_theme_fonts=\u00bbyes\u00bb css_animation=\u00bbfadeIn\u00bb el_class=\u00bbslogan\u00bb][\/vc_column][\/vc_row][vc_row full_width=\u00bbstretch_row_content_no_spaces\u00bb equal_height=\u00bbyes\u00bb parallax=\u00bbcontent-moving\u00bb ova_bg_pattern=\u00bb#f2f2f2&#8243; css=\u00bb.vc_custom_1617617202549{background-color: rgba(237,237,237,0.47) !important;*background-color: rgb(237,237,237) !important;}\u00bb][vc_column width=\u00bb1\/4&#8243; css=\u00bb.vc_custom_1617616570060{background-position: center [&hellip;]<\/p>\n","protected":false},"author":1,"featured_media":0,"parent":0,"menu_order":0,"comment_status":"closed","ping_status":"closed","template":"","meta":{"footnotes":""},"class_list":["post-5275","page","type-page","status-publish","hentry"],"yoast_head":"<!-- This site is optimized with the Yoast SEO plugin v20.2.1 - https:\/\/yoast.com\/wordpress\/plugins\/seo\/ -->\n<title>Inicio - Prixma<\/title>\n<meta name=\"robots\" content=\"noindex, nofollow\" \/>\n<meta property=\"og:locale\" content=\"es_ES\" \/>\n<meta property=\"og:type\" content=\"article\" \/>\n<meta property=\"og:title\" content=\"Inicio - Prixma\" \/>\n<meta property=\"og:description\" content=\"[vc_row full_height=\u00bbyes\u00bb parallax=\u00bbcontent-moving\u00bb parallax_image=\u00bb5546&#8243; display_container=\u00bbtrue\u00bb css=\u00bb.vc_custom_1617449117552{margin-top: -140px !important;padding-top: 60px !important;background-color: #343434 !important;}\u00bb ova_bg_pattern=\u00bbrgba(2,2,2,0.5)\u00bb][vc_column][vc_custom_heading text=\u00bbESPACIO CREATIVO\u00bb font_container=\u00bbtag:h1|font_size:58px|text_align:center|color:%23ffffff\u00bb use_theme_fonts=\u00bbyes\u00bb css_animation=\u00bbnone\u00bb][vc_custom_heading text=\u00bbentorno de creaci\u00f3n y contemporaneidad para: reuniones, showrooms, desfiles, workshops, formaci\u00f3n, presentaciones, eventos, rodajes y todo lo que se te ocurra.\u00bb font_container=\u00bbtag:p|font_size:18px|text_align:center|color:%23d1d1d1&#8243; use_theme_fonts=\u00bbyes\u00bb css_animation=\u00bbfadeIn\u00bb el_class=\u00bbslogan\u00bb][\/vc_column][\/vc_row][vc_row full_width=\u00bbstretch_row_content_no_spaces\u00bb equal_height=\u00bbyes\u00bb parallax=\u00bbcontent-moving\u00bb ova_bg_pattern=\u00bb#f2f2f2&#8243; css=\u00bb.vc_custom_1617617202549{background-color: rgba(237,237,237,0.47) !important;*background-color: rgb(237,237,237) !important;}\u00bb][vc_column width=\u00bb1\/4&#8243; css=\u00bb.vc_custom_1617616570060{background-position: center [&hellip;]\" \/>\n<meta property=\"og:url\" content=\"https:\/\/www.prixma.es\/acceso\/\" \/>\n<meta property=\"og:site_name\" content=\"Prixma\" \/>\n<meta property=\"article:modified_time\" content=\"2022-03-09T13:50:50+00:00\" \/>\n<meta name=\"twitter:card\" content=\"summary_large_image\" \/>\n<meta name=\"twitter:label1\" content=\"Tiempo de lectura\" \/>\n\t<meta name=\"twitter:data1\" content=\"3 minutos\" \/>\n<script type=\"application\/ld+json\" class=\"yoast-schema-graph\">{\"@context\":\"https:\/\/schema.org\",\"@graph\":[{\"@type\":\"WebPage\",\"@id\":\"https:\/\/www.prixma.es\/acceso\/\",\"url\":\"https:\/\/www.prixma.es\/acceso\/\",\"name\":\"Inicio - Prixma\",\"isPartOf\":{\"@id\":\"https:\/\/www.prixma.es\/acceso\/#website\"},\"datePublished\":\"2019-03-10T07:10:03+00:00\",\"dateModified\":\"2022-03-09T13:50:50+00:00\",\"breadcrumb\":{\"@id\":\"https:\/\/www.prixma.es\/acceso\/#breadcrumb\"},\"inLanguage\":\"es\",\"potentialAction\":[{\"@type\":\"ReadAction\",\"target\":[\"https:\/\/www.prixma.es\/acceso\/\"]}]},{\"@type\":\"BreadcrumbList\",\"@id\":\"https:\/\/www.prixma.es\/acceso\/#breadcrumb\",\"itemListElement\":[{\"@type\":\"ListItem\",\"position\":1,\"name\":\"Portada\",\"item\":\"https:\/\/www.prixma.es\/acceso\/\"},{\"@type\":\"ListItem\",\"position\":2,\"name\":\"Inicio\"}]},{\"@type\":\"WebSite\",\"@id\":\"https:\/\/www.prixma.es\/acceso\/#website\",\"url\":\"https:\/\/www.prixma.es\/acceso\/\",\"name\":\"Prixma\",\"description\":\"Espacio\",\"potentialAction\":[{\"@type\":\"SearchAction\",\"target\":{\"@type\":\"EntryPoint\",\"urlTemplate\":\"https:\/\/www.prixma.es\/acceso\/?s={search_term_string}\"},\"query-input\":\"required name=search_term_string\"}],\"inLanguage\":\"es\"}]}<\/script>\n<!-- \/ Yoast SEO plugin. -->","yoast_head_json":{"title":"Inicio - Prixma","robots":{"index":"noindex","follow":"nofollow"},"og_locale":"es_ES","og_type":"article","og_title":"Inicio - Prixma","og_description":"[vc_row full_height=\u00bbyes\u00bb parallax=\u00bbcontent-moving\u00bb parallax_image=\u00bb5546&#8243; display_container=\u00bbtrue\u00bb css=\u00bb.vc_custom_1617449117552{margin-top: -140px !important;padding-top: 60px !important;background-color: #343434 !important;}\u00bb ova_bg_pattern=\u00bbrgba(2,2,2,0.5)\u00bb][vc_column][vc_custom_heading text=\u00bbESPACIO CREATIVO\u00bb font_container=\u00bbtag:h1|font_size:58px|text_align:center|color:%23ffffff\u00bb use_theme_fonts=\u00bbyes\u00bb css_animation=\u00bbnone\u00bb][vc_custom_heading text=\u00bbentorno de creaci\u00f3n y contemporaneidad para: reuniones, showrooms, desfiles, workshops, formaci\u00f3n, presentaciones, eventos, rodajes y todo lo que se te ocurra.\u00bb font_container=\u00bbtag:p|font_size:18px|text_align:center|color:%23d1d1d1&#8243; use_theme_fonts=\u00bbyes\u00bb css_animation=\u00bbfadeIn\u00bb el_class=\u00bbslogan\u00bb][\/vc_column][\/vc_row][vc_row full_width=\u00bbstretch_row_content_no_spaces\u00bb equal_height=\u00bbyes\u00bb parallax=\u00bbcontent-moving\u00bb ova_bg_pattern=\u00bb#f2f2f2&#8243; css=\u00bb.vc_custom_1617617202549{background-color: rgba(237,237,237,0.47) !important;*background-color: rgb(237,237,237) !important;}\u00bb][vc_column width=\u00bb1\/4&#8243; css=\u00bb.vc_custom_1617616570060{background-position: center [&hellip;]","og_url":"https:\/\/www.prixma.es\/acceso\/","og_site_name":"Prixma","article_modified_time":"2022-03-09T13:50:50+00:00","twitter_card":"summary_large_image","twitter_misc":{"Tiempo de lectura":"3 minutos"},"schema":{"@context":"https:\/\/schema.org","@graph":[{"@type":"WebPage","@id":"https:\/\/www.prixma.es\/acceso\/","url":"https:\/\/www.prixma.es\/acceso\/","name":"Inicio - Prixma","isPartOf":{"@id":"https:\/\/www.prixma.es\/acceso\/#website"},"datePublished":"2019-03-10T07:10:03+00:00","dateModified":"2022-03-09T13:50:50+00:00","breadcrumb":{"@id":"https:\/\/www.prixma.es\/acceso\/#breadcrumb"},"inLanguage":"es","potentialAction":[{"@type":"ReadAction","target":["https:\/\/www.prixma.es\/acceso\/"]}]},{"@type":"BreadcrumbList","@id":"https:\/\/www.prixma.es\/acceso\/#breadcrumb","itemListElement":[{"@type":"ListItem","position":1,"name":"Portada","item":"https:\/\/www.prixma.es\/acceso\/"},{"@type":"ListItem","position":2,"name":"Inicio"}]},{"@type":"WebSite","@id":"https:\/\/www.prixma.es\/acceso\/#website","url":"https:\/\/www.prixma.es\/acceso\/","name":"Prixma","description":"Espacio","potentialAction":[{"@type":"SearchAction","target":{"@type":"EntryPoint","urlTemplate":"https:\/\/www.prixma.es\/acceso\/?s={search_term_string}"},"query-input":"required name=search_term_string"}],"inLanguage":"es"}]}},"_links":{"self":[{"href":"https:\/\/www.prixma.es\/acceso\/wp-json\/wp\/v2\/pages\/5275","targetHints":{"allow":["GET"]}}],"collection":[{"href":"https:\/\/www.prixma.es\/acceso\/wp-json\/wp\/v2\/pages"}],"about":[{"href":"https:\/\/www.prixma.es\/acceso\/wp-json\/wp\/v2\/types\/page"}],"author":[{"embeddable":true,"href":"https:\/\/www.prixma.es\/acceso\/wp-json\/wp\/v2\/users\/1"}],"replies":[{"embeddable":true,"href":"https:\/\/www.prixma.es\/acceso\/wp-json\/wp\/v2\/comments?post=5275"}],"version-history":[{"count":38,"href":"https:\/\/www.prixma.es\/acceso\/wp-json\/wp\/v2\/pages\/5275\/revisions"}],"predecessor-version":[{"id":5656,"href":"https:\/\/www.prixma.es\/acceso\/wp-json\/wp\/v2\/pages\/5275\/revisions\/5656"}],"wp:attachment":[{"href":"https:\/\/www.prixma.es\/acceso\/wp-json\/wp\/v2\/media?parent=5275"}],"curies":[{"name":"wp","href":"https:\/\/api.w.org\/{rel}","templated":true}]}}